{"id":15,"date":"2018-12-20T14:50:24","date_gmt":"2018-12-20T13:50:24","guid":{"rendered":"http:\/\/www.stanglconsult.de\/?page_id=15"},"modified":"2018-12-20T15:18:58","modified_gmt":"2018-12-20T14:18:58","slug":"consulting","status":"publish","type":"page","link":"http:\/\/www.stanglconsult.de\/?page_id=15","title":{"rendered":"Consulting"},"content":{"rendered":"<p>[et_pb_section bb_built=&#8220;1&#8243;][et_pb_row][et_pb_column type=&#8220;4_4&#8243;][et_pb_post_title _builder_version=&#8220;3.18.9&#8243; meta=&#8220;off&#8220; \/][et_pb_text _builder_version=&#8220;3.18.9&#8243;]<\/p>\n<h3 class=\"\\&quot;sub2headline\\&quot;\">Unser Focus ist in S\u00fcdosteuropa &#8211; im speziellen in Kroatien<\/h3>\n<ul>\n<li><span class=\"\\&quot;fliesstext\\&quot;\">Beratung zu Finanzierungsl\u00f6sungen, F\u00f6rdermitteln, Planung und Ausf\u00fchrung in diversen Gewerken, Architektur und Geb\u00e4udetechnik<\/span><\/li>\n<li><span class=\"\\&quot;fliesstext\\&quot;\">Beratung zu Finanz- und Ausf\u00fchrungscontrolling und anschlie\u00dfendem Betrieb (technisches, infrastrukturelles und kaufm\u00e4nnisches Geb\u00e4udemanagement)<\/span><\/li>\n<li><span class=\"\\&quot;fliesstext\\&quot;\">Verbindungen kn\u00fcpfen zu Projektinvestoren, Fonds und Banken<\/span><\/li>\n<li><span class=\"\\&quot;fliesstext\\&quot;\">Zusammenf\u00fchren diverser Partnern (Finanzier, Bautr\u00e4ger, Generalunternehmer, Subunternehmer und weitere mehr)<\/span><\/li>\n<li><span class=\"\\&quot;fliesstext\\&quot;\">Interkulturelle Unterst\u00fctzung bei Partnern aus unterschiedlichen L\u00e4ndern<\/span><\/li>\n<\/ul>\n<p>\u00a0<\/p>\n<p class=\"\\&quot;fliesstext\\&quot;\">\u00a0<\/p>\n<p>[\/et_pb_text][\/et_pb_column][\/et_pb_row][\/et_pb_section]<\/p>\n","protected":false},"excerpt":{"rendered":"<p><div class=\"et_pb_row et_pb_row_0 et_pb_row_empty\">\n\t\t\t\t\n\t\t\t\t\n\t\t\t\t\n\t\t\t\t\n\t\t\t\t\n\t\t\t<\/div> Unser Focus ist in S\u00fcdosteuropa &#8211; im speziellen in KroatienBeratung zu Finanzierungsl\u00f6sungen, F\u00f6rdermitteln, Planung und Ausf\u00fchrung in diversen Gewerken, Architektur und Geb\u00e4udetechnikBeratung zu Finanz- und Ausf\u00fchrungscontrolling und anschlie\u00dfendem Betrieb (technisches, infrastrukturelles und kaufm\u00e4nnisches Geb\u00e4udemanagement)Verbindungen kn\u00fcpfen zu Projektinvestoren, Fonds und BankenZusammenf\u00fchren diverser Partnern (Finanzier, Bautr\u00e4ger, Generalunternehmer, Subunternehmer und weitere mehr)Interkulturelle Unterst\u00fctzung bei Partnern aus unterschiedlichen [&hellip;]<\/p>\n","protected":false},"author":1,"featured_media":0,"parent":0,"menu_order":0,"comment_status":"closed","ping_status":"closed","template":"","meta":{"_et_pb_use_builder":"on","_et_pb_old_content":"<p><span class=\"\\\"headline\\\"\">Was unsere Kunden sich alles von uns bieten lassen. <\/span><\/p><p><span class=\"\\\"subheadline\\\"\">Consulting<\/span><\/p><p class=\"\\\"sub2headline\\\"\">Unser Focus ist in S\u00fcdosteuropa - im speziellen in Kroatien<\/p><ul><li><span class=\"\\\"fliesstext\\\"\">Beratung zu Finanzierungsl\u00f6sungen, F\u00f6rdermitteln, Planung und Ausf\u00fchrung in diversen Gewerken, Architektur und Geb\u00e4udetechnik<\/span><\/li><li><span class=\"\\\"fliesstext\\\"\">Beratung zu Finanz- und Ausf\u00fchrungscontrolling und anschlie\u00dfendem Betrieb (technisches, infrastrukturelles und kaufm\u00e4nnisches Geb\u00e4udemanagement)<\/span><\/li><li><span class=\"\\\"fliesstext\\\"\">Verbindungen kn\u00fcpfen zu Projektinvestoren, Fonds und Banken<\/span><\/li><li><span class=\"\\\"fliesstext\\\"\">Zusammenf\u00fchren diverser Partnern (Finanzier, Bautr\u00e4ger, Generalunternehmer, Subunternehmer und weitere mehr)<\/span><\/li><li><span class=\"\\\"fliesstext\\\"\">Interkulturelle Unterst\u00fctzung bei Partnern aus unterschiedlichen L\u00e4ndern<\/span><\/li><\/ul><p>\u00a0<\/p><p class=\"\\\"fliesstext\\\"\">\u00a0<\/p>","_et_gb_content_width":""},"_links":{"self":[{"href":"http:\/\/www.stanglconsult.de\/index.php?rest_route=\/wp\/v2\/pages\/15"}],"collection":[{"href":"http:\/\/www.stanglconsult.de\/index.php?rest_route=\/wp\/v2\/pages"}],"about":[{"href":"http:\/\/www.stanglconsult.de\/index.php?rest_route=\/wp\/v2\/types\/page"}],"author":[{"embeddable":true,"href":"http:\/\/www.stanglconsult.de\/index.php?rest_route=\/wp\/v2\/users\/1"}],"replies":[{"embeddable":true,"href":"http:\/\/www.stanglconsult.de\/index.php?rest_route=%2Fwp%2Fv2%2Fcomments&post=15"}],"version-history":[{"count":5,"href":"http:\/\/www.stanglconsult.de\/index.php?rest_route=\/wp\/v2\/pages\/15\/revisions"}],"predecessor-version":[{"id":45,"href":"http:\/\/www.stanglconsult.de\/index.php?rest_route=\/wp\/v2\/pages\/15\/revisions\/45"}],"wp:attachment":[{"href":"http:\/\/www.stanglconsult.de\/index.php?rest_route=%2Fwp%2Fv2%2Fmedia&parent=15"}],"curies":[{"name":"wp","href":"https:\/\/api.w.org\/{rel}","templated":true}]}}