{"id":19,"date":"2018-12-20T15:23:50","date_gmt":"2018-12-20T14:23:50","guid":{"rendered":"http:\/\/www.stanglconsult.de\/?page_id=19"},"modified":"2022-05-17T13:57:41","modified_gmt":"2022-05-17T11:57:41","slug":"immonbilienwirtschaft","status":"publish","type":"page","link":"http:\/\/www.stanglconsult.de\/?page_id=19","title":{"rendered":"Immobilienwirtschaft"},"content":{"rendered":"<p>[et_pb_section fb_built=&#8220;1&#8243; _builder_version=&#8220;4.16&#8243; global_colors_info=&#8220;{}&#8220;][et_pb_row _builder_version=&#8220;4.16&#8243; background_size=&#8220;initial&#8220; background_position=&#8220;top_left&#8220; background_repeat=&#8220;repeat&#8220; global_colors_info=&#8220;{}&#8220;][et_pb_column type=&#8220;4_4&#8243; _builder_version=&#8220;4.16&#8243; custom_padding=&#8220;|||&#8220; global_colors_info=&#8220;{}&#8220; custom_padding__hover=&#8220;|||&#8220;][et_pb_post_title meta=&#8220;off&#8220; _builder_version=&#8220;4.16&#8243; global_colors_info=&#8220;{}&#8220;][\/et_pb_post_title][et_pb_text _builder_version=&#8220;4.16&#8243; global_colors_info=&#8220;{}&#8220;]<\/p>\n<h3>Andere h\u00fcten diesen Schatz, wir verkaufen ihn sogar.<\/h3>\n<p>Im Immobilienbereich ist es wie \u00fcberall: nichts ist so wertvoll wie in Jahrzehnten aufgebautes Know-how. Genau deshalb gibt es das sch\u00f6ne Wort &#8222;Erfahrungsschatz&#8220;. Nachdem wir uns entschieden haben, statt auf der ausf\u00fchrenden Seite nur noch im Beratungsbereich t\u00e4tig zu sein, geben wir dieses wertvolle Gut an andere weiter. Mit gl\u00e4nzendem Erfolg f\u00fcr alle.<\/p>\n<p>[\/et_pb_text][et_pb_text _builder_version=&#8220;4.16&#8243; global_colors_info=&#8220;{}&#8220;]<\/p>\n<h2>F\u00fcr die Praxis aus der Praxis<\/h2>\n<p>Stangl Consult steht f\u00fcr 10 Jahre Erfahrung in der konsequenten operativen Umsetzung von Immobilienbewirtschaftungskonzepten.<\/p>\n<p>Strategische, taktische und operative Beratung Stangl Consult verbindet Beratungsleistungen eng mit der Umsetzbarkeit in operative Leistungen und damit sp\u00fcrbaren Einfl\u00fcssen auf das Kerngesch\u00e4ft.<\/p>\n<h3>Die Leistungstiefe entscheidet bei Synergieeffekten<\/h3>\n<p>Stangl Consult verf\u00fcgt \u00fcber ein eng gekn\u00fcpftes Netzwerk:<\/p>\n<ul>\n<li>vom Objekt- \/ Interims- \/ Krisenmanagement bis zur Organistationsbetratung mit Einf\u00fchrung neuer Strukturen<\/li>\n<li>von der Implementierung der Service-Level-Agreements bis zur kompletten Abwicklung von Outsourcingprojekten<\/li>\n<li>Interne Services profitabel vernetzt<\/li>\n<li>Kosten qualtiativ bewertet &#8211; Separation der Kostentreiber (make or buy-Entscheidung)<\/li>\n<li>Ressourcen optimiert durch Transformation der Einzelprozesse in eine zusammenh\u00e4ngende Prozesslogik Business Reengineering<\/li>\n<li>Service-Level-Agreements implementiert als &#8222;Treiber&#8220; f\u00fcr den Leistungsprozess<\/li>\n<li>Mehrwert f\u00fcr das Kerngesch\u00e4ft geschaffen durch B\u00fcndelung der Leistungen in &#8222;multi tasking&#8220;-Services<\/li>\n<li>Organisationsstrukur angepasst an neue Leistungstiefe &#8211; Change Management Prozess eingeleitet<\/li>\n<li>\u00dcbergeordnete Synergien und Benefits erzielt durch Einbindung der Internen Services in die unternehmerische Zielplanung &#8211; Aufbau eine benchmarkf\u00e4higen Kennzahlencockpit \u00a0<\/li>\n<\/ul>\n<p>[\/et_pb_text][\/et_pb_column][\/et_pb_row][\/et_pb_section]<\/p>\n","protected":false},"excerpt":{"rendered":"<p>Andere h\u00fcten diesen Schatz, wir verkaufen ihn sogar.Im Immobilienbereich ist es wie \u00fcberall: nichts ist so wertvoll wie in Jahrzehnten aufgebautes Know-how. Genau deshalb gibt es das sch\u00f6ne Wort &#8222;Erfahrungsschatz&#8220;. Nachdem wir uns entschieden haben, statt auf der ausf\u00fchrenden Seite nur noch im Beratungsbereich t\u00e4tig zu sein, geben wir dieses wertvolle Gut an andere weiter. [&hellip;]<\/p>\n","protected":false},"author":1,"featured_media":0,"parent":0,"menu_order":0,"comment_status":"closed","ping_status":"closed","template":"","meta":{"_et_pb_use_builder":"on","_et_pb_old_content":"<p>F\u00fcr die Praxis aus der Praxis<\/p><p>Stangl Consult steht f\u00fcr 10 Jahre Erfahrung in der konsequenten operativen Umsetzung von Immobilienbewirtschaftungskonzepten.<\/p><p>Strategische, taktische und operative Beratung<\/p><p>Stangl Consult verbindet Beratungsleistungen eng mit der Umsetzbarkeit in operative Leistungen und damit sp\u00fcrbaren Einfl\u00fcssen auf das Kerngesch\u00e4ft<\/p><p>Die Leistungstiefe entscheidet bei Synergieeffekten<\/p><p>Stangl Consult verf\u00fcgt \u00fcber ein eng gekn\u00fcpftes Netzwerk: vom Objekt- \/ Interims- \/ Krisenmanagement bis zur Organistationsbetratung mit Einf\u00fchrung neuer Strukturen<\/p><p>von der Implementierung der Service-Level-Agreements bis zur kompletten Abwicklung von Outsourcingprojekten<\/p><p>Interne Services profitabel vernetzt<\/p><p>Kosten qualtiativ bewertet - Separation der Kostentreiber (make or buy-Entscheidung)<br \/>Ressourcen optimiert durch Transformation der Einzelprozesse in eine zusammenh\u00e4ngende Prozesslogik - Business Reengineering<br \/>Service-Level-Agreements implementiert als \"Treiber\" f\u00fcr den Leistungsprozess<br \/>Mehrwert f\u00fcr das Kerngesch\u00e4ft geschaffen durch B\u00fcndelung der Leistungen in \"multi tasking\"-Services<br \/>Organisationsstrukur angepasst an neue Leistungstiefe - Change Management Prozess eingeleitet<br \/>\u00dcbergeordnete Synergien und Benefits erzielt durch Einbindung der Internen Services in die unternehmerische Zielplanung - Aufbau eine benchmarkf\u00e4higen Kennzahlencockpit<\/p><p>\u00a0<\/p>","_et_gb_content_width":""},"_links":{"self":[{"href":"http:\/\/www.stanglconsult.de\/index.php?rest_route=\/wp\/v2\/pages\/19"}],"collection":[{"href":"http:\/\/www.stanglconsult.de\/index.php?rest_route=\/wp\/v2\/pages"}],"about":[{"href":"http:\/\/www.stanglconsult.de\/index.php?rest_route=\/wp\/v2\/types\/page"}],"author":[{"embeddable":true,"href":"http:\/\/www.stanglconsult.de\/index.php?rest_route=\/wp\/v2\/users\/1"}],"replies":[{"embeddable":true,"href":"http:\/\/www.stanglconsult.de\/index.php?rest_route=%2Fwp%2Fv2%2Fcomments&post=19"}],"version-history":[{"count":6,"href":"http:\/\/www.stanglconsult.de\/index.php?rest_route=\/wp\/v2\/pages\/19\/revisions"}],"predecessor-version":[{"id":88,"href":"http:\/\/www.stanglconsult.de\/index.php?rest_route=\/wp\/v2\/pages\/19\/revisions\/88"}],"wp:attachment":[{"href":"http:\/\/www.stanglconsult.de\/index.php?rest_route=%2Fwp%2Fv2%2Fmedia&parent=19"}],"curies":[{"name":"wp","href":"https:\/\/api.w.org\/{rel}","templated":true}]}}