{"id":21,"date":"2018-12-20T14:52:43","date_gmt":"2018-12-20T13:52:43","guid":{"rendered":"http:\/\/www.stanglconsult.de\/?page_id=21"},"modified":"2018-12-20T15:33:52","modified_gmt":"2018-12-20T14:33:52","slug":"photovoltaikanlagen","status":"publish","type":"page","link":"http:\/\/www.stanglconsult.de\/?page_id=21","title":{"rendered":"Photovoltaikanlagen"},"content":{"rendered":"<p>[et_pb_section bb_built=&#8220;1&#8243;][et_pb_row][et_pb_column type=&#8220;4_4&#8243;][et_pb_text admin_label=&#8220;titel&#8220; _builder_version=&#8220;3.18.9&#8243;]<\/p>\n<h1>Photovoltaik-Anlagen<\/h1>\n<p>[\/et_pb_text][et_pb_text _builder_version=&#8220;3.18.9&#8243;]<\/p>\n<h3>Gesamtleistung und Standorte<\/h3>\n<p>200 MW in 9 L\u00e4ndern (Stand 2013)<\/p>\n<ul>\n<li>Deutschland<\/li>\n<li>Spanien<\/li>\n<li>Griechenland<\/li>\n<li>Tschechei<\/li>\n<li>Slowakei<\/li>\n<li>Italien<\/li>\n<li>Bulgarien<\/li>\n<li>Rum\u00e4nien<\/li>\n<li>S\u00fcdafrika<\/li>\n<\/ul>\n<h3>Verteilung<\/h3>\n<p>In Deutschland: 57 Projekte Installierte Leistung: 80 MW Im Ausland: 40 Projekte Installierte Leistung: 120 MW \u00a0\u00a0\u00a0 <\/p>\n<p>[\/et_pb_text][\/et_pb_column][\/et_pb_row][et_pb_row][et_pb_column type=&#8220;1_3&#8243;][et_pb_image _builder_version=&#8220;3.18.9&#8243; src=&#8220;http:\/\/www.stanglconsult.de\/wp-content\/uploads\/2018\/12\/hacker-natternberg.jpg&#8220; show_in_lightbox=&#8220;on&#8220; \/][\/et_pb_column][et_pb_column type=&#8220;1_3&#8243;][et_pb_image _builder_version=&#8220;3.18.9&#8243; src=&#8220;http:\/\/www.stanglconsult.de\/wp-content\/uploads\/2018\/12\/wisselsing.jpg&#8220; show_in_lightbox=&#8220;on&#8220; \/][\/et_pb_column][et_pb_column type=&#8220;1_3&#8243;][et_pb_image _builder_version=&#8220;3.18.9&#8243; src=&#8220;http:\/\/www.stanglconsult.de\/wp-content\/uploads\/2018\/12\/zimbi_025.jpg&#8220; show_in_lightbox=&#8220;on&#8220; \/][\/et_pb_column][\/et_pb_row][\/et_pb_section]<\/p>\n","protected":false},"excerpt":{"rendered":"<p><div class=\"et_pb_row et_pb_row_0 et_pb_row_empty\">\n\t\t\t\t\n\t\t\t\t\n\t\t\t\t\n\t\t\t\t\n\t\t\t\t\n\t\t\t<\/div> Photovoltaik-Anlagen Gesamtleistung und Standorte200 MW in 9 L\u00e4ndern (Stand 2013)DeutschlandSpanienGriechenlandTschecheiSlowakeiItalienBulgarienRum\u00e4nienS\u00fcdafrikaVerteilungIn Deutschland: 57 Projekte Installierte Leistung: 80 MW Im Ausland: 40 Projekte Installierte Leistung: 120 MW \u00a0\u00a0\u00a0 <div class=\"et_pb_row et_pb_row_1 et_pb_row_empty\">\n\t\t\t\t\n\t\t\t\t\n\t\t\t\t\n\t\t\t\t\n\t\t\t\t\n\t\t\t<\/div><\/p>\n","protected":false},"author":1,"featured_media":0,"parent":0,"menu_order":0,"comment_status":"closed","ping_status":"closed","template":"","meta":{"_et_pb_use_builder":"on","_et_pb_old_content":"<h3>Gesamtleistung und Standorte<\/h3><p>200 MW in 9 L\u00e4ndern (Stand 2013)<\/p><ul><li>Deutschland<\/li><li>Spanien<\/li><li>Griechenland<\/li><li>Tschechei<\/li><li>Slowakei<\/li><li>Italien<\/li><li>Bulgarien<\/li><li>Rum\u00e4nien<\/li><li>S\u00fcdafrika<\/li><\/ul><h3>Verteilung<\/h3><p>In Deutschland: 57 Projekte<br \/>Installierte Leistung: 80 MW<\/p><p>Im Ausland: 40 Projekte<br \/>Installierte Leistung: 120 MW<\/p><p>\u00a0<\/p><p><img title=\"hacker-natternberg.jpg\" src=\"\/uploads\/3829c5683f752853.jpg\" alt=\"hacker-natternberg.jpg\" width=\"520\" height=\"391\" border=\"0\" \/><\/p><p><img title=\"wisselsing.jpg\" src=\"\/uploads\/6ea012e0becb16cc.jpg\" alt=\"wisselsing.jpg\" width=\"520\" height=\"391\" border=\"0\" \/><\/p><p><img title=\"zimbi 025.jpg\" src=\"\/uploads\/d27d8eac9440a82f.jpg\" alt=\"zimbi 025.jpg\" width=\"520\" height=\"391\" border=\"0\" \/><\/p>","_et_gb_content_width":""},"_links":{"self":[{"href":"http:\/\/www.stanglconsult.de\/index.php?rest_route=\/wp\/v2\/pages\/21"}],"collection":[{"href":"http:\/\/www.stanglconsult.de\/index.php?rest_route=\/wp\/v2\/pages"}],"about":[{"href":"http:\/\/www.stanglconsult.de\/index.php?rest_route=\/wp\/v2\/types\/page"}],"author":[{"embeddable":true,"href":"http:\/\/www.stanglconsult.de\/index.php?rest_route=\/wp\/v2\/users\/1"}],"replies":[{"embeddable":true,"href":"http:\/\/www.stanglconsult.de\/index.php?rest_route=%2Fwp%2Fv2%2Fcomments&post=21"}],"version-history":[{"count":3,"href":"http:\/\/www.stanglconsult.de\/index.php?rest_route=\/wp\/v2\/pages\/21\/revisions"}],"predecessor-version":[{"id":51,"href":"http:\/\/www.stanglconsult.de\/index.php?rest_route=\/wp\/v2\/pages\/21\/revisions\/51"}],"wp:attachment":[{"href":"http:\/\/www.stanglconsult.de\/index.php?rest_route=%2Fwp%2Fv2%2Fmedia&parent=21"}],"curies":[{"name":"wp","href":"https:\/\/api.w.org\/{rel}","templated":true}]}}