{"id":23,"date":"2018-12-20T14:53:15","date_gmt":"2018-12-20T13:53:15","guid":{"rendered":"http:\/\/www.stanglconsult.de\/?page_id=23"},"modified":"2018-12-20T15:39:34","modified_gmt":"2018-12-20T14:39:34","slug":"referenzen","status":"publish","type":"page","link":"http:\/\/www.stanglconsult.de\/?page_id=23","title":{"rendered":"Referenzen"},"content":{"rendered":"<p>[et_pb_section bb_built=&#8220;1&#8243;][et_pb_row][et_pb_column type=&#8220;1_2&#8243;][et_pb_text]<\/p>\n<h1>Referenzen<\/h1>\n<p><strong>Avangarde Yachts, Pula, Kroatien<\/strong><br \/>\nPlanung und Bau von Werftanlagen<\/p>\n<p><strong>Flugh\u00e4fen Tegel und Sch\u00f6nefeld, Berlin<\/strong><br \/>\nBeratung \u2013 Einf\u00fchrung von Service Levels<br \/>\n<a href=\"http:\/\/www.berlin-airport.de\" target=\"_blank\" rel=\"noopener\">www.berlin-airport.de<\/a><\/p>\n<p>&nbsp;<\/p>\n<p><strong>Flugplatz Gro\u00df D\u00f6lln AG, Driving Center Berlin<\/strong><br \/>\nProjektentwicklung Bau<br \/>\n<a href=\"http:\/\/www.drivingcenter.de\" target=\"_blank\" rel=\"noopener\">www.drivingcenter.de<\/a><\/p>\n<p>&nbsp;<\/p>\n<p><strong>Gallileo, Frankfurt<\/strong><br \/>\nFacility Management<\/p>\n<p><strong>J\u00fcdisches Museum, Berlin<\/strong><br \/>\nFacility Management<br \/>\n<a href=\"http:\/\/www.jmberlin.de\" target=\"_blank\" rel=\"noopener\">www.jmberlin.de<\/a><\/p>\n<p>&nbsp;<\/p>\n<p><strong>Potsdamer Platz, Berlin<\/strong><br \/>\nTechnisches Facility Management<br \/>\n<a href=\"http:\/\/www.potsdamerplatz.de\" target=\"_blank\" rel=\"noopener\">www.potsdamerplatz.de<\/a><\/p>\n<p>&nbsp;<\/p>\n<p><strong>SAT. 1, Berlin<\/strong><br \/>\nFacility Management<\/p>\n<p><strong>TRIAD Business Park, Halle\/Saale<\/strong><br \/>\nAsset Management<br \/>\n<a href=\"http:\/\/www.triad-halle.de\" target=\"_blank\" rel=\"noopener\">www.triad-halle.de<\/a><\/p>\n<p>&nbsp;<\/p>\n<p><strong>Technische Universit\u00e4t M\u00fcnchen, M\u00fcnchen<\/strong><br \/>\nFacility Management<br \/>\n<a href=\"http:\/\/www.tum.de\" target=\"_blank\" rel=\"noopener\">www.tum.de<\/a><\/p>\n<p>&nbsp;<\/p>\n<p>[\/et_pb_text][\/et_pb_column][et_pb_column type=&#8220;1_2&#8243;][et_pb_text _builder_version=&#8220;3.18.9&#8243;]<\/p>\n<p><strong>Marina Katarina, Pula, Kroatien<\/strong><\/p>\n<p>[\/et_pb_text][et_pb_image _builder_version=&#8220;3.18.9&#8243; src=&#8220;http:\/\/www.stanglconsult.de\/wp-content\/uploads\/2018\/12\/9856b5687d885550.jpg&#8220; show_in_lightbox=&#8220;on&#8220; \/][\/et_pb_column][\/et_pb_row][\/et_pb_section]<\/p>\n","protected":false},"excerpt":{"rendered":"<p><div class=\"et_pb_row et_pb_row_0 et_pb_row_empty\">\n\t\t\t\t\n\t\t\t\t\n\t\t\t\t\n\t\t\t\t\n\t\t\t\t\n\t\t\t<\/div><div class=\"et_pb_module et_pb_text et_pb_text_0  et_pb_text_align_left et_pb_bg_layout_light\">\n\t\t\t\t\n\t\t\t\t\n\t\t\t\t\n\t\t\t\t\n\t\t\t\t\n\t\t\t<\/div> Referenzen Avangarde Yachts, Pula, Kroatien Planung und Bau von Werftanlagen Flugh\u00e4fen Tegel und Sch\u00f6nefeld, Berlin Beratung \u2013 Einf\u00fchrung von Service Levels www.berlin-airport.de &nbsp; Flugplatz Gro\u00df D\u00f6lln AG, Driving Center Berlin Projektentwicklung Bau www.drivingcenter.de &nbsp; Gallileo, Frankfurt Facility Management J\u00fcdisches Museum, Berlin Facility Management www.jmberlin.de &nbsp; Potsdamer Platz, Berlin Technisches Facility Management www.potsdamerplatz.de &nbsp; SAT. [&hellip;]<\/p>\n","protected":false},"author":1,"featured_media":0,"parent":0,"menu_order":0,"comment_status":"closed","ping_status":"closed","template":"","meta":{"_et_pb_use_builder":"on","_et_pb_old_content":"<h1>Referenzen<\/h1><p><strong>Avangarde Yachts, Pula, Kroatien<\/strong><br \/>Planung und Bau von Werftanlagen<\/p><p><strong>Flugh\u00e4fen Tegel und Sch\u00f6nefeld, Berlin<\/strong><br \/>Beratung \u2013 Einf\u00fchrung von Service Levels<br \/><a href=\"http:\/\/www.berlin-airport.de\" target=\"_blank\" rel=\"noopener\">www.berlin-airport.de<\/a><\/p><p>\u00a0<\/p><p><strong>Flugplatz Gro\u00df D\u00f6lln AG, Driving Center Berlin<\/strong><br \/>Projektentwicklung Bau<br \/><a href=\"http:\/\/www.drivingcenter.de\" target=\"_blank\" rel=\"noopener\">www.drivingcenter.de<\/a><\/p><p>\u00a0<\/p><p><strong>Gallileo, Frankfurt<\/strong><br \/>Facility Management<\/p><p><strong>J\u00fcdisches Museum, Berlin<\/strong><br \/>Facility Management<br \/><a href=\"http:\/\/www.jmberlin.de\" target=\"_blank\" rel=\"noopener\">www.jmberlin.de<\/a><\/p><p>\u00a0<\/p><p><strong>Potsdamer Platz, Berlin<\/strong><br \/>Technisches Facility Management<br \/><a href=\"http:\/\/www.potsdamerplatz.de\" target=\"_blank\" rel=\"noopener\">www.potsdamerplatz.de<\/a><\/p><p>\u00a0<\/p><p><strong>SAT. 1, Berlin<\/strong><br \/>Facility Management<\/p><p><strong>TRIAD Business Park, Halle\/Saale<\/strong><br \/>Asset Management<br \/><a href=\"http:\/\/www.triad-halle.de\" target=\"_blank\" rel=\"noopener\">www.triad-halle.de<\/a><\/p><p>\u00a0<\/p><p><strong>Technische Universit\u00e4t M\u00fcnchen, M\u00fcnchen<\/strong><br \/>Facility Management<br \/><a href=\"http:\/\/www.tum.de\" target=\"_blank\" rel=\"noopener\">www.tum.de<\/a><\/p><p>\u00a0<\/p>","_et_gb_content_width":""},"_links":{"self":[{"href":"http:\/\/www.stanglconsult.de\/index.php?rest_route=\/wp\/v2\/pages\/23"}],"collection":[{"href":"http:\/\/www.stanglconsult.de\/index.php?rest_route=\/wp\/v2\/pages"}],"about":[{"href":"http:\/\/www.stanglconsult.de\/index.php?rest_route=\/wp\/v2\/types\/page"}],"author":[{"embeddable":true,"href":"http:\/\/www.stanglconsult.de\/index.php?rest_route=\/wp\/v2\/users\/1"}],"replies":[{"embeddable":true,"href":"http:\/\/www.stanglconsult.de\/index.php?rest_route=%2Fwp%2Fv2%2Fcomments&post=23"}],"version-history":[{"count":3,"href":"http:\/\/www.stanglconsult.de\/index.php?rest_route=\/wp\/v2\/pages\/23\/revisions"}],"predecessor-version":[{"id":68,"href":"http:\/\/www.stanglconsult.de\/index.php?rest_route=\/wp\/v2\/pages\/23\/revisions\/68"}],"wp:attachment":[{"href":"http:\/\/www.stanglconsult.de\/index.php?rest_route=%2Fwp%2Fv2%2Fmedia&parent=23"}],"curies":[{"name":"wp","href":"https:\/\/api.w.org\/{rel}","templated":true}]}}