{"id":53,"date":"2018-12-20T15:35:05","date_gmt":"2018-12-20T14:35:05","guid":{"rendered":"http:\/\/www.stanglconsult.de\/?page_id=53"},"modified":"2018-12-20T15:43:29","modified_gmt":"2018-12-20T14:43:29","slug":"kontakt","status":"publish","type":"page","link":"http:\/\/www.stanglconsult.de\/?page_id=53","title":{"rendered":"Kontakt"},"content":{"rendered":"<p>[et_pb_section bb_built=&#8220;1&#8243;][et_pb_row][et_pb_column type=&#8220;1_2&#8243;][et_pb_text _builder_version=&#8220;3.18.9&#8243;]<\/p>\n<p><strong>STANGL CONSULT GmbH<\/strong><\/p>\n<p>Pfeilstrasse 2<br \/>94469 Deggendorf<\/p>\n<p>Tel. +49(0)345.27951694<br \/>Fax +49(0)345.27951695<\/p>\n<p>info@stanglconsult.de<\/p>\n<p>[\/et_pb_text][\/et_pb_column][et_pb_column type=&#8220;1_2&#8243;][et_pb_contact_form _builder_version=&#8220;3.18.9&#8243; title=&#8220;Kontaktformular&#8220; success_message=&#8220;Ihre Nachricht wurde erfolgreich versendet!&#8220; submit_button_text=&#8220;Senden&#8220; email=&#8220;info@stanglconsult.de&#8220; custom_message=&#8220;Nachricht aus dem Kontaktformular stanglconsult.de||et_pb_line_break_holder||||et_pb_line_break_holder||Name: %%Name%%||et_pb_line_break_holder||E-Mail: %%Email%%||et_pb_line_break_holder||||et_pb_line_break_holder||Nachricht:||et_pb_line_break_holder||%%Message%%&#8220;][et_pb_contact_field field_title=&#8220;Name&#8220; field_type=&#8220;input&#8220; field_id=&#8220;Name&#8220; required_mark=&#8220;on&#8220; fullwidth_field=&#8220;off&#8220; \/][et_pb_contact_field field_title=&#8220;E-Mail-Adresse&#8220; field_type=&#8220;email&#8220; field_id=&#8220;Email&#8220; required_mark=&#8220;on&#8220; fullwidth_field=&#8220;off&#8220; \/][et_pb_contact_field field_title=&#8220;Nachricht&#8220; field_type=&#8220;text&#8220; field_id=&#8220;Message&#8220; required_mark=&#8220;on&#8220; fullwidth_field=&#8220;on&#8220; \/][\/et_pb_contact_form][et_pb_text _builder_version=&#8220;3.18.9&#8243;]<\/p>\n<p><b>Bitte beachten Sie die folgende Bedingung vor dem Absenden des Formulares:<\/b><br \/>Mit dem Absenden des Formulars erkl\u00e4ren Sie sich damit einverstanden, dass Ihre Daten zur Bearbeitung Ihrer Projektanfrage von uns gespeichert und verwendet werden. Ihre Daten werden \u00fcber eine verschl\u00fcsselte Verbindung \u00fcbertragen. Wir geben keine Daten an Dritte weiter. (Weitere Informationen und Widerrufshinweise finden Sie in der <a href=\"\/datenschutzerklaerung\">Datenschutzerkl\u00e4rung<\/a>).<\/p>\n<p>[\/et_pb_text][\/et_pb_column][\/et_pb_row][\/et_pb_section]<\/p>\n","protected":false},"excerpt":{"rendered":"<p><div class=\"et_pb_row et_pb_row_0 et_pb_row_empty\">\n\t\t\t\t\n\t\t\t\t\n\t\t\t\t\n\t\t\t\t\n\t\t\t\t\n\t\t\t<\/div> STANGL CONSULT GmbHPfeilstrasse 294469 DeggendorfTel. +49(0)345.27951694Fax +49(0)345.27951695info@stanglconsult.de Bitte beachten Sie die folgende Bedingung vor dem Absenden des Formulares:Mit dem Absenden des Formulars erkl\u00e4ren Sie sich damit einverstanden, dass Ihre Daten zur Bearbeitung Ihrer Projektanfrage von uns gespeichert und verwendet werden. Ihre Daten werden \u00fcber eine verschl\u00fcsselte Verbindung \u00fcbertragen. Wir geben keine Daten an Dritte [&hellip;]<\/p>\n","protected":false},"author":1,"featured_media":0,"parent":0,"menu_order":99,"comment_status":"closed","ping_status":"closed","template":"","meta":{"_et_pb_use_builder":"on","_et_pb_old_content":"","_et_gb_content_width":""},"_links":{"self":[{"href":"http:\/\/www.stanglconsult.de\/index.php?rest_route=\/wp\/v2\/pages\/53"}],"collection":[{"href":"http:\/\/www.stanglconsult.de\/index.php?rest_route=\/wp\/v2\/pages"}],"about":[{"href":"http:\/\/www.stanglconsult.de\/index.php?rest_route=\/wp\/v2\/types\/page"}],"author":[{"embeddable":true,"href":"http:\/\/www.stanglconsult.de\/index.php?rest_route=\/wp\/v2\/users\/1"}],"replies":[{"embeddable":true,"href":"http:\/\/www.stanglconsult.de\/index.php?rest_route=%2Fwp%2Fv2%2Fcomments&post=53"}],"version-history":[{"count":3,"href":"http:\/\/www.stanglconsult.de\/index.php?rest_route=\/wp\/v2\/pages\/53\/revisions"}],"predecessor-version":[{"id":70,"href":"http:\/\/www.stanglconsult.de\/index.php?rest_route=\/wp\/v2\/pages\/53\/revisions\/70"}],"wp:attachment":[{"href":"http:\/\/www.stanglconsult.de\/index.php?rest_route=%2Fwp%2Fv2%2Fmedia&parent=53"}],"curies":[{"name":"wp","href":"https:\/\/api.w.org\/{rel}","templated":true}]}}