{"id":8,"date":"2018-12-20T14:46:49","date_gmt":"2018-12-20T13:46:49","guid":{"rendered":"http:\/\/www.stanglconsult.de\/?page_id=8"},"modified":"2018-12-20T15:16:27","modified_gmt":"2018-12-20T14:16:27","slug":"unternehmen","status":"publish","type":"page","link":"http:\/\/www.stanglconsult.de\/","title":{"rendered":"Unternehmen"},"content":{"rendered":"<p>[et_pb_section bb_built=&#8220;1&#8243;][et_pb_row][et_pb_column type=&#8220;1_2&#8243;][et_pb_divider _builder_version=&#8220;3.18.9&#8243; show_divider=&#8220;off&#8220; height=&#8220;76px&#8220; \/][et_pb_divider _builder_version=&#8220;3.18.9&#8243; color=&#8220;#2c698c&#8220; divider_weight=&#8220;100&#8243; height=&#8220;28px&#8220; custom_margin=&#8220;||0px|&#8220; custom_padding=&#8220;||0px|&#8220; divider_position=&#8220;bottom&#8220; \/][et_pb_image _builder_version=&#8220;3.18.9&#8243; src=&#8220;http:\/\/www.stanglconsult.de\/wp-content\/uploads\/2018\/12\/teaser.jpg&#8220; custom_margin=&#8220;0px||0px|&#8220; custom_padding=&#8220;0px||0px|&#8220; \/][et_pb_divider _builder_version=&#8220;3.18.9&#8243; color=&#8220;#2c698c&#8220; divider_weight=&#8220;100&#8243; height=&#8220;28px&#8220; custom_margin=&#8220;0px|||&#8220; custom_padding=&#8220;0px|||&#8220; \/][\/et_pb_column][et_pb_column type=&#8220;1_2&#8243;][et_pb_text _builder_version=&#8220;3.18.9&#8243;]<\/p>\n<h2><span class=\"headline\">Schon Jahrzehnte im Gesch\u00e4ft und hungrig wie am ersten Tag.<\/span><\/h2>\n<p>Wer wie wir jahrzehntelang bei Gro\u00dfprojekten im Immobilienbereich\u00a0erfolgreich war, den l\u00e4sst die Faszination dieses Gesch\u00e4ftes so schnell\u00a0nicht los.<\/p>\n<div>Zusammen mit unseren Seniorpartnern gr\u00fcndeten wir in 2004 Stangl Consult.<\/div>\n<div>\n<div>Nach aufregenden Jahren und spannenden Projekten fungiert Stangl Consult mit einem riesigen Netzwerk heute als interdisziplin\u00e4re Plattform f\u00fcr Beratungs- Projektmanagementauftr\u00e4ge. Wir stellen Fachwissen aus der Praxis f\u00fcr die Praxis zu Verf\u00fcgung.<\/div>\n<div>\u00a0<\/div>\n<div>Dabei k\u00f6nnen unterschiedliche Leistungen oder Leistungspakete auch mit den jeweiligen Partnern direkt vereinbart werden .<\/div>\n<div>\u00a0<\/div>\n<div>\n<div>Allein oder im Team &#8211; wir geben unser profundes Know How ungefiltert weiter und engagieren uns mit ungebrochenem Ehrgeiz f\u00fcr Ihre Projekte.<\/div>\n<\/div>\n<\/div>\n<p>[\/et_pb_text][\/et_pb_column][\/et_pb_row][\/et_pb_section]<\/p>\n","protected":false},"excerpt":{"rendered":"<p><div class=\"et_pb_row et_pb_row_0 et_pb_row_empty\">\n\t\t\t\t\n\t\t\t\t\n\t\t\t\t\n\t\t\t\t\n\t\t\t\t\n\t\t\t<\/div> Schon Jahrzehnte im Gesch\u00e4ft und hungrig wie am ersten Tag. Wer wie wir jahrzehntelang bei Gro\u00dfprojekten im Immobilienbereich\u00a0erfolgreich war, den l\u00e4sst die Faszination dieses Gesch\u00e4ftes so schnell\u00a0nicht los. Zusammen mit unseren Seniorpartnern gr\u00fcndeten wir in 2004 Stangl Consult. Nach aufregenden Jahren und spannenden Projekten fungiert Stangl Consult mit einem riesigen Netzwerk heute als interdisziplin\u00e4re [&hellip;]<\/p>\n","protected":false},"author":1,"featured_media":0,"parent":0,"menu_order":0,"comment_status":"closed","ping_status":"closed","template":"","meta":{"_et_pb_use_builder":"on","_et_pb_old_content":"<p><span class=\"headline\">Schon Jahrzehnte im Gesch\u00e4ft<br \/>und hungrig wie am ersten Tag.<\/span><\/p><p>Wer wie wir jahrzehntelang bei Gro\u00dfprojekten im Immobilienbereich\u00a0erfolgreich war, den l\u00e4sst die Faszination dieses Gesch\u00e4ftes so schnell\u00a0nicht los.<\/p><div>Zusammen mit unseren Seniorpartnern gr\u00fcndeten wir in 2004 Stangl Consult.<\/div><div><div>Nach aufregenden Jahren und spannenden Projekten fungiert Stangl Consult<\/div><div>mit einem riesigen Netzwerk heute als interdisziplin\u00e4re Plattform f\u00fcr<\/div><div>Beratungs- Projektmanagementauftr\u00e4ge. Wir stellen Fachwissen aus der Praxis<\/div><div>f\u00fcr die Praxis zu Verf\u00fcgung.<\/div><div>\u00a0<\/div><div>Dabei k\u00f6nnen unterschiedliche Leistungen oder Leistungspakete auch mit den<\/div><div>jeweiligen Partnern direkt vereinbart werden .<\/div><div>\u00a0<\/div><div><div>Allein oder im Team - wir geben unser profundes Know How ungefiltert weiter<\/div><div>und engagieren uns mit ungebrochenem Ehrgeiz f\u00fcr Ihre Projekte.<\/div><\/div><\/div>","_et_gb_content_width":""},"_links":{"self":[{"href":"http:\/\/www.stanglconsult.de\/index.php?rest_route=\/wp\/v2\/pages\/8"}],"collection":[{"href":"http:\/\/www.stanglconsult.de\/index.php?rest_route=\/wp\/v2\/pages"}],"about":[{"href":"http:\/\/www.stanglconsult.de\/index.php?rest_route=\/wp\/v2\/types\/page"}],"author":[{"embeddable":true,"href":"http:\/\/www.stanglconsult.de\/index.php?rest_route=\/wp\/v2\/users\/1"}],"replies":[{"embeddable":true,"href":"http:\/\/www.stanglconsult.de\/index.php?rest_route=%2Fwp%2Fv2%2Fcomments&post=8"}],"version-history":[{"count":10,"href":"http:\/\/www.stanglconsult.de\/index.php?rest_route=\/wp\/v2\/pages\/8\/revisions"}],"predecessor-version":[{"id":43,"href":"http:\/\/www.stanglconsult.de\/index.php?rest_route=\/wp\/v2\/pages\/8\/revisions\/43"}],"wp:attachment":[{"href":"http:\/\/www.stanglconsult.de\/index.php?rest_route=%2Fwp%2Fv2%2Fmedia&parent=8"}],"curies":[{"name":"wp","href":"https:\/\/api.w.org\/{rel}","templated":true}]}}